{"id":1710,"date":"2025-07-25T16:45:09","date_gmt":"2025-07-25T13:45:09","guid":{"rendered":"https:\/\/yeng.ro\/?page_id=1710"},"modified":"2025-07-26T20:31:29","modified_gmt":"2025-07-26T17:31:29","slug":"politica-de-utilizare-cookie-uri","status":"publish","type":"page","link":"https:\/\/yeng.ro\/en\/politica-de-utilizare-cookie-uri\/","title":{"rendered":"Cookie Usage Policy"},"content":{"rendered":"<div data-elementor-type=\"wp-page\" data-elementor-id=\"1710\" class=\"elementor elementor-1710\">\n\t\t\t\t<div class=\"elementor-element elementor-element-cc4f042 e-flex e-con-boxed e-con e-parent\" data-id=\"cc4f042\" data-element_type=\"container\" data-settings=\"{&quot;background_background&quot;:&quot;classic&quot;}\">\n\t\t\t\t\t<div class=\"e-con-inner\">\n\t\t<div class=\"elementor-element elementor-element-414d6ef e-con-full e-flex e-con e-child\" data-id=\"414d6ef\" data-element_type=\"container\">\n\t\t\t\t<div class=\"elementor-element elementor-element-45d7c59 elementor-widget elementor-widget-heading\" data-id=\"45d7c59\" data-element_type=\"widget\" data-widget_type=\"heading.default\">\n\t\t\t\t<div class=\"elementor-widget-container\">\n\t\t\t\t\t<h2 class=\"elementor-heading-title elementor-size-default\">Cookie Usage Policy<\/h2>\t\t\t\t<\/div>\n\t\t\t\t<\/div>\n\t\t\t\t<\/div>\n\t\t\t\t\t<\/div>\n\t\t\t\t<\/div>\n\t\t<div class=\"elementor-element elementor-element-5666074 e-flex e-con-boxed e-con e-parent\" data-id=\"5666074\" data-element_type=\"container\">\n\t\t\t\t\t<div class=\"e-con-inner\">\n\t\t\t\t<div class=\"elementor-element elementor-element-336a44a elementor-widget elementor-widget-spacer\" data-id=\"336a44a\" data-element_type=\"widget\" data-widget_type=\"spacer.default\">\n\t\t\t\t<div class=\"elementor-widget-container\">\n\t\t\t\t\t\t\t<div class=\"elementor-spacer\">\n\t\t\t<div class=\"elementor-spacer-inner\"><\/div>\n\t\t<\/div>\n\t\t\t\t\t\t<\/div>\n\t\t\t\t<\/div>\n\t\t\t\t<div class=\"elementor-element elementor-element-9b35c58 elementor-widget elementor-widget-text-editor\" data-id=\"9b35c58\" data-element_type=\"widget\" data-widget_type=\"text-editor.default\">\n\t\t\t\t<div class=\"elementor-widget-container\">\n\t\t\t\t\t\t\t\t\t<ol><li><b> Introduction<\/b><\/li><\/ol><p><span style=\"font-weight: 400;\">This Cookie Policy applies to all users of the www.yeng.ro website. The information set out below is intended to inform users of this website about the placement, use and management of cookies by YEnG in the context of users' browsing on this website.<\/span><\/p><ol start=\"2\"><li><b> What are cookies?<\/b><\/li><\/ol><p><span style=\"font-weight: 400;\">We use the term \"cookies\" to refer to cookies and similar technologies through which information may be automatically collected.<\/span><span style=\"font-weight: 400;\"><br \/><\/span><span style=\"font-weight: 400;\">An \"Internet Cookie\" (also known as a \"browser cookie\" or \"HTTP cookie\" or \"cookie\") is a small file made up of letters and numbers that will be stored on a user's computer, mobile device or other equipment through which the internet is accessed.<\/span><span style=\"font-weight: 400;\"><br \/><\/span><span style=\"font-weight: 400;\">Cookies are installed by a request from a web-server to a browser (e.g. Internet Explorer, Firefox, Chrome). Cookies, once installed, have a fixed lifetime and remain \"passive\" in the sense that they do not contain any software programs, viruses or spyware and will not access the information on the hard drive of the user on whose computer they are installed.<\/span><span style=\"font-weight: 400;\"><br \/><\/span><span style=\"font-weight: 400;\">A cookie consists of two parts:<\/span><span style=\"font-weight: 400;\"><br \/><\/span><span style=\"font-weight: 400;\">-cookie name; and<\/span><span style=\"font-weight: 400;\"><br \/><\/span><span style=\"font-weight: 400;\">-the content or value of the cookie.<\/span><span style=\"font-weight: 400;\"><br \/><\/span><span style=\"font-weight: 400;\">From a technical point of view, only the web-server that sent the cookie can technically access it again when a user returns to the web-page associated with that web-server.<\/span><\/p><ol start=\"3\"><li><b> For what purposes cookies are used through this website:<\/b><\/li><\/ol><p><span style=\"font-weight: 400;\">Cookies are used to provide the users of this website with a better browsing experience and services tailored to the needs and interests of each individual user, namely to:<\/span><\/p><ul><li><span style=\"font-weight: 400;\"> \u00a0 \u00a0 <\/span> <span style=\"font-weight: 400;\">improving the usability of this website, including by identifying any errors that occur while users are visiting\/using it;<\/span><\/li><li><span style=\"font-weight: 400;\"> \u00a0 \u00a0 <\/span> <span style=\"font-weight: 400;\">providing anonymous statistics on how this website is used to YEnG, as the owner of this website;<\/span><\/li><li><span style=\"font-weight: 400;\"> \u00a0 \u00a0 <\/span> <span style=\"font-weight: 400;\">anticipation of possible future goods that will be made available to users through this website, depending on the services\/products accessed.<\/span><\/li><\/ul><p><span style=\"font-weight: 400;\">Based on the feedback provided by cookies about how this website is used, [the website owner] may take steps to make this website more efficient and accessible to users.<\/span><\/p><p><span style=\"font-weight: 400;\">Thus, the use of cookies allows the memorization of certain settings\/preferences set by the users of this website, such as:<\/span><\/p><ul><li><span style=\"font-weight: 400;\"> \u00a0 \u00a0 <\/span> <span style=\"font-weight: 400;\">the language in which a web page is displayed;<\/span><\/li><li><span style=\"font-weight: 400;\"> \u00a0 \u00a0 <\/span> <span style=\"font-weight: 400;\">the currency in which certain prices or tariffs are expressed;<\/span><\/li><li><span style=\"font-weight: 400;\"> \u00a0 \u00a0 <\/span> <span style=\"font-weight: 400;\">facilitating access to user accounts;<\/span><\/li><li><span style=\"font-weight: 400;\"> \u00a0 \u00a0 <\/span> <span style=\"font-weight: 400;\">posting comments on the website.<\/span><\/li><\/ul><ol start=\"4\"><li><b> What is the lifetime of cookies?<\/b><\/li><\/ol><p><span style=\"font-weight: 400;\">The lifetime of cookies can vary significantly, depending on the purpose for which it is placed. There are the following categories of cookies which also determine their lifetime:<\/span><\/p><ul><li><span style=\"font-weight: 400;\"> \u00a0 \u00a0 \u00a0 \u00a0 <\/span><b>Session cookies<\/b><span style=\"font-weight: 400;\"> - A \"session cookie\" is a cookie that is automatically deleted when the user closes their browser.<\/span><\/li><li><span style=\"font-weight: 400;\"> \u00a0 \u00a0 \u00a0 \u00a0 <\/span><b>Persistent or fixed cookies<\/b><span style=\"font-weight: 400;\"> - A \"persistent\" or \"persistent\" cookie is a cookie that remains stored in the user's terminal until it reaches a certain expiration date (which may be minutes, days or years in the future) or until the user deletes it at any time through the browser settings.<\/span><\/li><\/ul><ol start=\"5\"><li><b> What cookies are used through this website:<\/b><\/li><\/ol><p><span style=\"font-weight: 400;\">By using\/visiting the website the following cookies may be placed:<\/span><\/p><ol><li><span style=\"font-weight: 400;\"> Website performance cookies;<\/span><span style=\"font-weight: 400;\"><br \/><\/span><span style=\"font-weight: 400;\">b. User analytics cookies;<\/span><span style=\"font-weight: 400;\"><br \/><\/span><span style=\"font-weight: 400;\">c. Geotargeting cookies;<\/span><\/li><li><b> Performance cookies<\/b><\/li><\/ol><p><span style=\"font-weight: 400;\">With this type of cookie, the preferences of the user of this website are stored, so that it is no longer necessary to set the preferences again when visiting the website again.<\/span><\/p><ol><li><b> User analytics cookies<\/b><\/li><\/ol><p><span style=\"font-weight: 400;\">These cookies inform us whether a particular website user has visited\/used this website before. These cookies are used for statistical purposes only.<\/span><\/p><ol><li><b> Geotargeting cookies<\/b><\/li><\/ol><p><span style=\"font-weight: 400;\">These cookies are used by software that determines the country of origin of the user of the website. The same advertisements will be received regardless of the language selected.<\/span><\/p><ol start=\"6\"><li><b> What kind of information is stored and accessed through cookies?<\/b><\/li><\/ol><p><span style=\"font-weight: 400;\">Cookies store information in a small text file that allows browser recognition. This website recognizes your browser until cookies expire or are deleted.<\/span><\/p><ol start=\"7\"><li><b> Customize your browser settings for cookies<\/b><\/li><\/ol><p><span style=\"font-weight: 400;\">If the use of cookies is not intrusive and the computer or technical equipment used to browse this website is used only by you, long expiry periods may be set for storing your browsing history.<\/span><\/p><p><span style=\"font-weight: 400;\">If the computer or technical equipment used to browse this website is used by more than one person, the setting to delete individual browsing data each time the browser is closed may be considered.<\/span><\/p><ol start=\"8\"><li><b> How can cookies be turned off?\u00a0<\/b><\/li><\/ol><p><span style=\"font-weight: 400;\">Disabling and refusing to accept cookies may make this website difficult to visit and may result in limitations on the usability of this website.<\/span><span style=\"font-weight: 400;\"><br \/><\/span><span style=\"font-weight: 400;\">Users can set their browser to reject cookies or to accept cookies from a particular website.<\/span><\/p><p><span style=\"font-weight: 400;\">All modern browsers offer the possibility to change cookie settings. These settings can usually be accessed in the 'options' or 'preferences' menu of your browser.<\/span><\/p><p><span style=\"font-weight: 400;\">However, refusing or disabling cookies does not mean that you will no longer receive online advertising - just that it will not be tailored to your preferences and interests, as evidenced by your browsing behavior.<\/span><\/p><p><span style=\"font-weight: 400;\">To understand these settings, the following links may be useful:<\/span><\/p><ul><li><span style=\"font-weight: 400;\"> \u00a0 \u00a0 \u00a0 \u00a0 <\/span><a href=\"https:\/\/support.microsoft.com\/en-us\/help\/17442\/windows-internet-explorer-delete-manage-cookies\"><span style=\"font-weight: 400;\">Cookie settings in Internet Explorer<\/span><\/a><\/li><li><span style=\"font-weight: 400;\"> \u00a0 \u00a0 \u00a0 \u00a0 <\/span><a href=\"https:\/\/support.mozilla.org\/en-US\/kb\/enable-and-disable-cookies-website-preferences\"><span style=\"font-weight: 400;\">Cookie settings in Firefox<\/span><\/a><\/li><li><span style=\"font-weight: 400;\"> \u00a0 \u00a0 \u00a0 \u00a0 <\/span><a href=\"https:\/\/support.google.com\/chrome\/answer\/95647\"><span style=\"font-weight: 400;\">Cookie settings in Chrome<\/span><\/a><\/li><li><span style=\"font-weight: 400;\"> \u00a0 \u00a0 \u00a0 \u00a0 <\/span><a href=\"https:\/\/support.apple.com\/kb\/ph21411?locale=en_US\"><span style=\"font-weight: 400;\">Cookie settings in Safari<\/span><\/a><\/li><\/ul><p><b>Useful links<\/b><\/p><p><span style=\"font-weight: 400;\">The IAB Romania provides the following website to provide more information on online advertising privacy: <\/span><a href=\"http:\/\/www.youronlinechoices.com\/ro\/\"><span style=\"font-weight: 400;\">http:\/\/www.youronlinechoices.com\/ro\/<\/span><\/a><\/p><p><span style=\"font-weight: 400;\">If you would like more information about cookies and their use, you can visit the European Union's official website on cookies at: <\/span><a href=\"http:\/\/ec.europa.eu\/cookies\/index_en.htm\"><span style=\"font-weight: 400;\">http:\/\/ec.europa.eu\/cookies\/index_en.htm<\/span><\/a><\/p>\t\t\t\t\t\t\t\t<\/div>\n\t\t\t\t<\/div>\n\t\t\t\t\t<\/div>\n\t\t\t\t<\/div>\n\t\t\t\t<\/div>","protected":false},"excerpt":{"rendered":"<p>Politica de utilizare Cookie-uri Introducere Prezenta Politic\u0103 privind fi\u0219ierele cookies se aplic\u0103 tuturor utilizatorilor paginii de internet www.yeng.ro. Informa\u021biile prezentate \u00een continuare au ca scop informarea utilizatorilor acestei pagini de internet cu privire la plasarea, utilizarea \u0219i administrarea cookie-urilor de c\u0103tre YEnG \u00een contextul navig\u0103rii utilizatorilor pe aceast\u0103 pagin\u0103 de internet. Ce sunt cookie-urile? Folosim [&hellip;]<\/p>","protected":false},"author":1,"featured_media":0,"parent":0,"menu_order":13,"comment_status":"closed","ping_status":"closed","template":"","meta":{"site-sidebar-layout":"no-sidebar","site-content-layout":"page-builder","ast-site-content-layout":"full-width-container","site-content-style":"unboxed","site-sidebar-style":"unboxed","ast-global-header-display":"","ast-banner-title-visibility":"","ast-main-header-display":"","ast-hfb-above-header-display":"","ast-hfb-below-header-display":"","ast-hfb-mobile-header-display":"","site-post-title":"disabled","ast-breadcrumbs-content":"disabled","ast-featured-img":"disabled","footer-sml-layout":"","theme-transparent-header-meta":"default","adv-header-id-meta":"","stick-header-meta":"","header-above-stick-meta":"","header-main-stick-meta":"","header-below-stick-meta":"","astra-migrate-meta-layouts":"set","ast-page-background-enabled":"default","ast-page-background-meta":{"desktop":{"background-color":"","background-image":"","background-repeat":"repeat","background-position":"center center","background-size":"auto","background-attachment":"scroll","background-type":"","background-media":"","overlay-type":"","overlay-color":"","overlay-opacity":"","overlay-gradient":""},"tablet":{"background-color":"","background-image":"","background-repeat":"repeat","background-position":"center center","background-size":"auto","background-attachment":"scroll","background-type":"","background-media":"","overlay-type":"","overlay-color":"","overlay-opacity":"","overlay-gradient":""},"mobile":{"background-color":"","background-image":"","background-repeat":"repeat","background-position":"center center","background-size":"auto","background-attachment":"scroll","background-type":"","background-media":"","overlay-type":"","overlay-color":"","overlay-opacity":"","overlay-gradient":""}},"ast-content-background-meta":{"desktop":{"background-color":"var(--ast-global-color-5)","background-image":"","background-repeat":"repeat","background-position":"center center","background-size":"auto","background-attachment":"scroll","background-type":"","background-media":"","overlay-type":"","overlay-color":"","overlay-opacity":"","overlay-gradient":""},"tablet":{"background-color":"var(--ast-global-color-5)","background-image":"","background-repeat":"repeat","background-position":"center center","background-size":"auto","background-attachment":"scroll","background-type":"","background-media":"","overlay-type":"","overlay-color":"","overlay-opacity":"","overlay-gradient":""},"mobile":{"background-color":"var(--ast-global-color-5)","background-image":"","background-repeat":"repeat","background-position":"center center","background-size":"auto","background-attachment":"scroll","background-type":"","background-media":"","overlay-type":"","overlay-color":"","overlay-opacity":"","overlay-gradient":""}},"footnotes":""},"class_list":["post-1710","page","type-page","status-publish","hentry"],"_links":{"self":[{"href":"https:\/\/yeng.ro\/en\/wp-json\/wp\/v2\/pages\/1710","targetHints":{"allow":["GET"]}}],"collection":[{"href":"https:\/\/yeng.ro\/en\/wp-json\/wp\/v2\/pages"}],"about":[{"href":"https:\/\/yeng.ro\/en\/wp-json\/wp\/v2\/types\/page"}],"author":[{"embeddable":true,"href":"https:\/\/yeng.ro\/en\/wp-json\/wp\/v2\/users\/1"}],"replies":[{"embeddable":true,"href":"https:\/\/yeng.ro\/en\/wp-json\/wp\/v2\/comments?post=1710"}],"version-history":[{"count":17,"href":"https:\/\/yeng.ro\/en\/wp-json\/wp\/v2\/pages\/1710\/revisions"}],"predecessor-version":[{"id":2273,"href":"https:\/\/yeng.ro\/en\/wp-json\/wp\/v2\/pages\/1710\/revisions\/2273"}],"wp:attachment":[{"href":"https:\/\/yeng.ro\/en\/wp-json\/wp\/v2\/media?parent=1710"}],"curies":[{"name":"wp","href":"https:\/\/api.w.org\/{rel}","templated":true}]}}