{"id":154,"date":"2025-07-20T20:16:07","date_gmt":"2025-07-20T20:16:07","guid":{"rendered":"https:\/\/yeng.ro\/activities\/"},"modified":"2025-07-27T02:13:37","modified_gmt":"2025-07-26T23:13:37","slug":"galerie","status":"publish","type":"page","link":"https:\/\/yeng.ro\/en\/galerie\/","title":{"rendered":"Gallery"},"content":{"rendered":"<div data-elementor-type=\"wp-page\" data-elementor-id=\"154\" class=\"elementor elementor-154\">\n\t\t\t\t<div class=\"elementor-element elementor-element-beda2a3 e-flex e-con-boxed e-con e-parent\" data-id=\"beda2a3\" data-element_type=\"container\" data-settings=\"{&quot;background_background&quot;:&quot;classic&quot;}\">\n\t\t\t\t\t<div class=\"e-con-inner\">\n\t\t<div class=\"elementor-element elementor-element-782aa6d e-con-full e-flex e-con e-child\" data-id=\"782aa6d\" data-element_type=\"container\">\n\t\t\t\t<div class=\"elementor-element elementor-element-e2d10c4 elementor-widget elementor-widget-heading\" data-id=\"e2d10c4\" data-element_type=\"widget\" data-widget_type=\"heading.default\">\n\t\t\t\t<div class=\"elementor-widget-container\">\n\t\t\t\t\t<h2 class=\"elementor-heading-title elementor-size-default\">Photo &amp; video gallery<\/h2>\t\t\t\t<\/div>\n\t\t\t\t<\/div>\n\t\t\t\t<\/div>\n\t\t\t\t\t<\/div>\n\t\t\t\t<\/div>\n\t\t<div class=\"elementor-element elementor-element-499c560 e-flex e-con-boxed e-con e-parent\" data-id=\"499c560\" data-element_type=\"container\">\n\t\t\t\t\t<div class=\"e-con-inner\">\n\t\t<div class=\"elementor-element elementor-element-1a62c76 e-con-full e-flex e-con e-child\" data-id=\"1a62c76\" data-element_type=\"container\">\n\t\t\t\t<div class=\"elementor-element elementor-element-1dec8ff elementor-vertical-align-middle elementor-widget-mobile__width-inherit elementor-widget elementor-widget-image-box\" data-id=\"1dec8ff\" data-element_type=\"widget\" data-widget_type=\"image-box.default\">\n\t\t\t\t<div class=\"elementor-widget-container\">\n\t\t\t\t\t<div class=\"elementor-image-box-wrapper\"><div class=\"elementor-image-box-content\"><h3 class=\"elementor-image-box-title\">Session album<\/h3><p class=\"elementor-image-box-description\">Curious to see how the YENG sessions unfold? Take a look in the photo album opposite.<\/p><\/div><\/div>\t\t\t\t<\/div>\n\t\t\t\t<\/div>\n\t\t<div class=\"elementor-element elementor-element-0b050a7 e-flex e-con-boxed e-con e-child\" data-id=\"0b050a7\" data-element_type=\"container\">\n\t\t\t\t\t<div class=\"e-con-inner\">\n\t\t<div class=\"elementor-element elementor-element-73fd4ff e-con-full e-flex e-con e-child\" data-id=\"73fd4ff\" data-element_type=\"container\">\n\t\t\t\t<div class=\"elementor-element elementor-element-45ca843 elementor-widget-mobile__width-initial elementor-widget elementor-widget-image\" data-id=\"45ca843\" data-element_type=\"widget\" data-widget_type=\"image.default\">\n\t\t\t\t<div class=\"elementor-widget-container\">\n\t\t\t\t\t\t\t\t\t\t\t\t\t\t\t\t<a href=\"https:\/\/yeng.ro\/en\/albumul-sesiunilor\/\">\n\t\t\t\t\t\t\t<img fetchpriority=\"high\" decoding=\"async\" width=\"1024\" height=\"518\" src=\"https:\/\/yeng.ro\/wp-content\/uploads\/2025\/07\/Albumul-sesiunilor-1024x518.jpg\" class=\"attachment-large size-large wp-image-1911\" alt=\"\" srcset=\"https:\/\/yeng.ro\/wp-content\/uploads\/2025\/07\/Albumul-sesiunilor-1024x518.jpg 1024w, https:\/\/yeng.ro\/wp-content\/uploads\/2025\/07\/Albumul-sesiunilor-300x152.jpg 300w, https:\/\/yeng.ro\/wp-content\/uploads\/2025\/07\/Albumul-sesiunilor-768x388.jpg 768w, https:\/\/yeng.ro\/wp-content\/uploads\/2025\/07\/Albumul-sesiunilor-18x9.jpg 18w, https:\/\/yeng.ro\/wp-content\/uploads\/2025\/07\/Albumul-sesiunilor.jpg 1400w\" sizes=\"(max-width: 1024px) 100vw, 1024px\" \/>\t\t\t\t\t\t\t\t<\/a>\n\t\t\t\t\t\t\t\t\t\t\t\t\t\t\t<\/div>\n\t\t\t\t<\/div>\n\t\t\t\t<\/div>\n\t\t\t\t\t<\/div>\n\t\t\t\t<\/div>\n\t\t\t\t<\/div>\n\t\t\t\t\t<\/div>\n\t\t\t\t<\/div>\n\t\t<div class=\"elementor-element elementor-element-824ed3e e-flex e-con-boxed e-con e-parent\" data-id=\"824ed3e\" data-element_type=\"container\">\n\t\t\t\t\t<div class=\"e-con-inner\">\n\t\t<div class=\"elementor-element elementor-element-f288208 e-con-full e-flex e-con e-child\" data-id=\"f288208\" data-element_type=\"container\">\n\t\t\t\t<div class=\"elementor-element elementor-element-7c76ac1 elementor-widget-divider--view-line elementor-widget elementor-widget-divider\" data-id=\"7c76ac1\" data-element_type=\"widget\" data-widget_type=\"divider.default\">\n\t\t\t\t<div class=\"elementor-widget-container\">\n\t\t\t\t\t\t\t<div class=\"elementor-divider\">\n\t\t\t<span class=\"elementor-divider-separator\">\n\t\t\t\t\t\t<\/span>\n\t\t<\/div>\n\t\t\t\t\t\t<\/div>\n\t\t\t\t<\/div>\n\t\t\t\t<\/div>\n\t\t\t\t\t<\/div>\n\t\t\t\t<\/div>\n\t\t<div class=\"elementor-element elementor-element-485fe3a e-flex e-con-boxed e-con e-parent\" data-id=\"485fe3a\" data-element_type=\"container\">\n\t\t\t\t\t<div class=\"e-con-inner\">\n\t\t<div class=\"elementor-element elementor-element-f080a32 e-con-full e-flex e-con e-child\" data-id=\"f080a32\" data-element_type=\"container\">\n\t\t\t\t<div class=\"elementor-element elementor-element-ed90a93 elementor-vertical-align-middle elementor-widget-mobile__width-inherit elementor-widget__width-initial elementor-widget elementor-widget-image-box\" data-id=\"ed90a93\" data-element_type=\"widget\" data-widget_type=\"image-box.default\">\n\t\t\t\t<div class=\"elementor-widget-container\">\n\t\t\t\t\t<div class=\"elementor-image-box-wrapper\"><div class=\"elementor-image-box-content\"><h3 class=\"elementor-image-box-title\">Mentors' Album<\/h3><p class=\"elementor-image-box-description\">Want to see which entrepreneurs came in YEnG's first year to share with us the lessons they learned from their mistakes and inspire us with the strategies that led to their success? Click through the album of entrepreneur mentors.<\/p><\/div><\/div>\t\t\t\t<\/div>\n\t\t\t\t<\/div>\n\t\t<div class=\"elementor-element elementor-element-dbb9856 e-flex e-con-boxed e-con e-child\" data-id=\"dbb9856\" data-element_type=\"container\">\n\t\t\t\t\t<div class=\"e-con-inner\">\n\t\t<div class=\"elementor-element elementor-element-b675abe e-con-full e-flex e-con e-child\" data-id=\"b675abe\" data-element_type=\"container\">\n\t\t\t\t<div class=\"elementor-element elementor-element-69e1e41 elementor-widget elementor-widget-image\" data-id=\"69e1e41\" data-element_type=\"widget\" data-widget_type=\"image.default\">\n\t\t\t\t<div class=\"elementor-widget-container\">\n\t\t\t\t\t\t\t\t\t\t\t\t\t\t\t\t<a href=\"https:\/\/yeng.ro\/en\/albumul-mentorilor\/\">\n\t\t\t\t\t\t\t<img decoding=\"async\" width=\"1024\" height=\"518\" src=\"https:\/\/yeng.ro\/wp-content\/uploads\/2025\/07\/Albumul-mentorilor-1024x518.jpg\" class=\"attachment-large size-large wp-image-2085\" alt=\"\" srcset=\"https:\/\/yeng.ro\/wp-content\/uploads\/2025\/07\/Albumul-mentorilor-1024x518.jpg 1024w, https:\/\/yeng.ro\/wp-content\/uploads\/2025\/07\/Albumul-mentorilor-300x152.jpg 300w, https:\/\/yeng.ro\/wp-content\/uploads\/2025\/07\/Albumul-mentorilor-768x388.jpg 768w, https:\/\/yeng.ro\/wp-content\/uploads\/2025\/07\/Albumul-mentorilor-18x9.jpg 18w, https:\/\/yeng.ro\/wp-content\/uploads\/2025\/07\/Albumul-mentorilor.jpg 1400w\" sizes=\"(max-width: 1024px) 100vw, 1024px\" \/>\t\t\t\t\t\t\t\t<\/a>\n\t\t\t\t\t\t\t\t\t\t\t\t\t\t\t<\/div>\n\t\t\t\t<\/div>\n\t\t\t\t<\/div>\n\t\t\t\t\t<\/div>\n\t\t\t\t<\/div>\n\t\t\t\t<\/div>\n\t\t\t\t\t<\/div>\n\t\t\t\t<\/div>\n\t\t<div class=\"elementor-element elementor-element-63711f9 e-flex e-con-boxed e-con e-parent\" data-id=\"63711f9\" data-element_type=\"container\">\n\t\t\t\t\t<div class=\"e-con-inner\">\n\t\t<div class=\"elementor-element elementor-element-fd4b67b e-con-full e-flex e-con e-child\" data-id=\"fd4b67b\" data-element_type=\"container\">\n\t\t\t\t<div class=\"elementor-element elementor-element-a628c87 elementor-widget-divider--view-line elementor-widget elementor-widget-divider\" data-id=\"a628c87\" data-element_type=\"widget\" data-widget_type=\"divider.default\">\n\t\t\t\t<div class=\"elementor-widget-container\">\n\t\t\t\t\t\t\t<div class=\"elementor-divider\">\n\t\t\t<span class=\"elementor-divider-separator\">\n\t\t\t\t\t\t<\/span>\n\t\t<\/div>\n\t\t\t\t\t\t<\/div>\n\t\t\t\t<\/div>\n\t\t\t\t<\/div>\n\t\t\t\t\t<\/div>\n\t\t\t\t<\/div>\n\t\t<div class=\"elementor-element elementor-element-342baa4 e-flex e-con-boxed e-con e-parent\" data-id=\"342baa4\" data-element_type=\"container\">\n\t\t\t\t\t<div class=\"e-con-inner\">\n\t\t<div class=\"elementor-element elementor-element-5c6537c e-con-full e-flex e-con e-child\" data-id=\"5c6537c\" data-element_type=\"container\">\n\t\t\t\t<div class=\"elementor-element elementor-element-d31e137 elementor-vertical-align-middle elementor-widget-mobile__width-inherit elementor-widget__width-initial elementor-widget elementor-widget-image-box\" data-id=\"d31e137\" data-element_type=\"widget\" data-widget_type=\"image-box.default\">\n\t\t\t\t<div class=\"elementor-widget-container\">\n\t\t\t\t\t<div class=\"elementor-image-box-wrapper\"><div class=\"elementor-image-box-content\"><h3 class=\"elementor-image-box-title\">Album projects &amp; premieres<\/h3><p class=\"elementor-image-box-description\">To conclude the YEnG educational program, divided into teams, the high school students built innovative entrepreneurial projects and presented them to a jury of entrepreneurs. Click on the album to see them in action!<\/p><\/div><\/div>\t\t\t\t<\/div>\n\t\t\t\t<\/div>\n\t\t<div class=\"elementor-element elementor-element-4ac80b8 e-flex e-con-boxed e-con e-child\" data-id=\"4ac80b8\" data-element_type=\"container\">\n\t\t\t\t\t<div class=\"e-con-inner\">\n\t\t<div class=\"elementor-element elementor-element-929c461 e-con-full e-flex e-con e-child\" data-id=\"929c461\" data-element_type=\"container\">\n\t\t\t\t<div class=\"elementor-element elementor-element-5a83b6e elementor-widget elementor-widget-image\" data-id=\"5a83b6e\" data-element_type=\"widget\" data-widget_type=\"image.default\">\n\t\t\t\t<div class=\"elementor-widget-container\">\n\t\t\t\t\t\t\t\t\t\t\t\t\t\t\t\t<a href=\"https:\/\/yeng.ro\/en\/album-proiecte-premiere\/\">\n\t\t\t\t\t\t\t<img decoding=\"async\" width=\"1024\" height=\"518\" src=\"https:\/\/yeng.ro\/wp-content\/uploads\/2025\/07\/Albumul-proiecte.jpg\" class=\"attachment-large size-large wp-image-2132\" alt=\"\" srcset=\"https:\/\/yeng.ro\/wp-content\/uploads\/2025\/07\/Albumul-proiecte.jpg 1024w, https:\/\/yeng.ro\/wp-content\/uploads\/2025\/07\/Albumul-proiecte-300x152.jpg 300w, https:\/\/yeng.ro\/wp-content\/uploads\/2025\/07\/Albumul-proiecte-768x389.jpg 768w, https:\/\/yeng.ro\/wp-content\/uploads\/2025\/07\/Albumul-proiecte-18x9.jpg 18w\" sizes=\"(max-width: 1024px) 100vw, 1024px\" \/>\t\t\t\t\t\t\t\t<\/a>\n\t\t\t\t\t\t\t\t\t\t\t\t\t\t\t<\/div>\n\t\t\t\t<\/div>\n\t\t\t\t<\/div>\n\t\t\t\t\t<\/div>\n\t\t\t\t<\/div>\n\t\t\t\t<\/div>\n\t\t\t\t\t<\/div>\n\t\t\t\t<\/div>\n\t\t<div class=\"elementor-element elementor-element-323f68c e-flex e-con-boxed e-con e-parent\" data-id=\"323f68c\" data-element_type=\"container\">\n\t\t\t\t\t<div class=\"e-con-inner\">\n\t\t<div class=\"elementor-element elementor-element-1776844 e-con-full e-flex e-con e-child\" data-id=\"1776844\" data-element_type=\"container\">\n\t\t\t\t<div class=\"elementor-element elementor-element-d910e1f elementor-widget-divider--view-line elementor-widget elementor-widget-divider\" data-id=\"d910e1f\" data-element_type=\"widget\" data-widget_type=\"divider.default\">\n\t\t\t\t<div class=\"elementor-widget-container\">\n\t\t\t\t\t\t\t<div class=\"elementor-divider\">\n\t\t\t<span class=\"elementor-divider-separator\">\n\t\t\t\t\t\t<\/span>\n\t\t<\/div>\n\t\t\t\t\t\t<\/div>\n\t\t\t\t<\/div>\n\t\t\t\t<\/div>\n\t\t\t\t\t<\/div>\n\t\t\t\t<\/div>\n\t\t<div class=\"elementor-element elementor-element-596ea35 e-flex e-con-boxed e-con e-parent\" data-id=\"596ea35\" data-element_type=\"container\">\n\t\t\t\t\t<div class=\"e-con-inner\">\n\t\t<div class=\"elementor-element elementor-element-56a7072 e-con-full e-flex e-con e-child\" data-id=\"56a7072\" data-element_type=\"container\">\n\t\t\t\t<div class=\"elementor-element elementor-element-1fae0c2 elementor-vertical-align-middle elementor-widget-mobile__width-inherit elementor-widget elementor-widget-image-box\" data-id=\"1fae0c2\" data-element_type=\"widget\" data-widget_type=\"image-box.default\">\n\t\t\t\t<div class=\"elementor-widget-container\">\n\t\t\t\t\t<div class=\"elementor-image-box-wrapper\"><div class=\"elementor-image-box-content\"><h3 class=\"elementor-image-box-title\">Media albums<\/h3><p class=\"elementor-image-box-description\">Want to know our latest media presence? Are you curious what entrepreneurial projects have been born within YEnG? Discover our channel \n<a href=\"https:\/\/www.youtube.com\/@YoungEntrepreneurGeneration\">YouTube.<\/a> \n<\/p><\/div><\/div>\t\t\t\t<\/div>\n\t\t\t\t<\/div>\n\t\t<div class=\"elementor-element elementor-element-f6eb2f7 e-flex e-con-boxed e-con e-child\" data-id=\"f6eb2f7\" data-element_type=\"container\">\n\t\t\t\t\t<div class=\"e-con-inner\">\n\t\t<div class=\"elementor-element elementor-element-56302d7 e-con-full e-flex e-con e-child\" data-id=\"56302d7\" data-element_type=\"container\">\n\t\t\t\t<div class=\"elementor-element elementor-element-498ff3d elementor-widget elementor-widget-video\" data-id=\"498ff3d\" data-element_type=\"widget\" data-settings=\"{&quot;youtube_url&quot;:&quot;https:\\\/\\\/youtu.be\\\/4GZaY_lLRsI?feature=shared&quot;,&quot;video_type&quot;:&quot;youtube&quot;,&quot;controls&quot;:&quot;yes&quot;}\" data-widget_type=\"video.default\">\n\t\t\t\t<div class=\"elementor-widget-container\">\n\t\t\t\t\t\t\t<div class=\"elementor-wrapper elementor-open-inline\">\n\t\t\t<div class=\"elementor-video\"><\/div>\t\t<\/div>\n\t\t\t\t\t\t<\/div>\n\t\t\t\t<\/div>\n\t\t\t\t<\/div>\n\t\t<div class=\"elementor-element elementor-element-21c76c7 e-con-full e-flex e-con e-child\" data-id=\"21c76c7\" data-element_type=\"container\">\n\t\t\t\t<div class=\"elementor-element elementor-element-7a707a2 elementor-widget elementor-widget-image\" data-id=\"7a707a2\" data-element_type=\"widget\" data-widget_type=\"image.default\">\n\t\t\t\t<div class=\"elementor-widget-container\">\n\t\t\t\t\t\t\t\t\t\t\t\t\t\t\t<img loading=\"lazy\" decoding=\"async\" width=\"640\" height=\"480\" src=\"https:\/\/yeng.ro\/wp-content\/uploads\/2021\/05\/school-template-activities-img-3.jpg\" class=\"attachment-full size-full wp-image-485\" alt=\"\" srcset=\"https:\/\/yeng.ro\/wp-content\/uploads\/2021\/05\/school-template-activities-img-3.jpg 640w, https:\/\/yeng.ro\/wp-content\/uploads\/2021\/05\/school-template-activities-img-3-300x225.jpg 300w\" sizes=\"(max-width: 640px) 100vw, 640px\" \/>\t\t\t\t\t\t\t\t\t\t\t\t\t\t\t<\/div>\n\t\t\t\t<\/div>\n\t\t\t\t<\/div>\n\t\t<div class=\"elementor-element elementor-element-da8bbf0 e-con-full e-flex e-con e-child\" data-id=\"da8bbf0\" data-element_type=\"container\">\n\t\t\t\t<div class=\"elementor-element elementor-element-d688ece elementor-widget elementor-widget-image\" data-id=\"d688ece\" data-element_type=\"widget\" data-widget_type=\"image.default\">\n\t\t\t\t<div class=\"elementor-widget-container\">\n\t\t\t\t\t\t\t\t\t\t\t\t\t\t\t<img loading=\"lazy\" decoding=\"async\" width=\"640\" height=\"480\" src=\"https:\/\/yeng.ro\/wp-content\/uploads\/2021\/05\/school-template-activities-img-3.jpg\" class=\"attachment-full size-full wp-image-485\" alt=\"\" srcset=\"https:\/\/yeng.ro\/wp-content\/uploads\/2021\/05\/school-template-activities-img-3.jpg 640w, https:\/\/yeng.ro\/wp-content\/uploads\/2021\/05\/school-template-activities-img-3-300x225.jpg 300w\" sizes=\"(max-width: 640px) 100vw, 640px\" \/>\t\t\t\t\t\t\t\t\t\t\t\t\t\t\t<\/div>\n\t\t\t\t<\/div>\n\t\t\t\t<\/div>\n\t\t\t\t\t<\/div>\n\t\t\t\t<\/div>\n\t\t\t\t<\/div>\n\t\t\t\t\t<\/div>\n\t\t\t\t<\/div>\n\t\t\t\t<\/div>","protected":false},"excerpt":{"rendered":"<p>Galerie foto&amp;video Albumul sesiunilor E\u0219ti curios \/ curioas\u0103 s\u0103 vezi cum se desf\u0103\u0219oar\u0103 sesiunile YENG? Arunc\u0103 o privire \u00een albumul foto al\u0103turat. Albumul mentorilor Vrei s\u0103 vezi ce antreprenori au venit in primul an YEnG s\u0103 ne \u00eemp\u0103rt\u0103\u0219easc\u0103 din lec\u021biile \u00eenv\u0103\u021bate din gre\u0219elile lor \u0219i \u0219i s\u0103 ne inspire cu strategiile care au dus la [&hellip;]<\/p>","protected":false},"author":1,"featured_media":0,"parent":0,"menu_order":8,"comment_status":"closed","ping_status":"closed","template":"","meta":{"site-sidebar-layout":"no-sidebar","site-content-layout":"page-builder","ast-site-content-layout":"full-width-container","site-content-style":"unboxed","site-sidebar-style":"unboxed","ast-global-header-display":"","ast-banner-title-visibility":"","ast-main-header-display":"","ast-hfb-above-header-display":"","ast-hfb-below-header-display":"","ast-hfb-mobile-header-display":"","site-post-title":"disabled","ast-breadcrumbs-content":"disabled","ast-featured-img":"disabled","footer-sml-layout":"","theme-transparent-header-meta":"default","adv-header-id-meta":"","stick-header-meta":"","header-above-stick-meta":"","header-main-stick-meta":"","header-below-stick-meta":"","astra-migrate-meta-layouts":"set","ast-page-background-enabled":"default","ast-page-background-meta":{"desktop":{"background-color":"","background-image":"","background-repeat":"repeat","background-position":"center center","background-size":"auto","background-attachment":"scroll","background-type":"","background-media":"","overlay-type":"","overlay-color":"","overlay-opacity":"","overlay-gradient":""},"tablet":{"background-color":"","background-image":"","background-repeat":"repeat","background-position":"center center","background-size":"auto","background-attachment":"scroll","background-type":"","background-media":"","overlay-type":"","overlay-color":"","overlay-opacity":"","overlay-gradient":""},"mobile":{"background-color":"","background-image":"","background-repeat":"repeat","background-position":"center center","background-size":"auto","background-attachment":"scroll","background-type":"","background-media":"","overlay-type":"","overlay-color":"","overlay-opacity":"","overlay-gradient":""}},"ast-content-background-meta":{"desktop":{"background-color":"var(--ast-global-color-5)","background-image":"","background-repeat":"repeat","background-position":"center center","background-size":"auto","background-attachment":"scroll","background-type":"","background-media":"","overlay-type":"","overlay-color":"","overlay-opacity":"","overlay-gradient":""},"tablet":{"background-color":"var(--ast-global-color-5)","background-image":"","background-repeat":"repeat","background-position":"center center","background-size":"auto","background-attachment":"scroll","background-type":"","background-media":"","overlay-type":"","overlay-color":"","overlay-opacity":"","overlay-gradient":""},"mobile":{"background-color":"var(--ast-global-color-5)","background-image":"","background-repeat":"repeat","background-position":"center center","background-size":"auto","background-attachment":"scroll","background-type":"","background-media":"","overlay-type":"","overlay-color":"","overlay-opacity":"","overlay-gradient":""}},"footnotes":""},"class_list":["post-154","page","type-page","status-publish","hentry"],"_links":{"self":[{"href":"https:\/\/yeng.ro\/en\/wp-json\/wp\/v2\/pages\/154","targetHints":{"allow":["GET"]}}],"collection":[{"href":"https:\/\/yeng.ro\/en\/wp-json\/wp\/v2\/pages"}],"about":[{"href":"https:\/\/yeng.ro\/en\/wp-json\/wp\/v2\/types\/page"}],"author":[{"embeddable":true,"href":"https:\/\/yeng.ro\/en\/wp-json\/wp\/v2\/users\/1"}],"replies":[{"embeddable":true,"href":"https:\/\/yeng.ro\/en\/wp-json\/wp\/v2\/comments?post=154"}],"version-history":[{"count":154,"href":"https:\/\/yeng.ro\/en\/wp-json\/wp\/v2\/pages\/154\/revisions"}],"predecessor-version":[{"id":2402,"href":"https:\/\/yeng.ro\/en\/wp-json\/wp\/v2\/pages\/154\/revisions\/2402"}],"wp:attachment":[{"href":"https:\/\/yeng.ro\/en\/wp-json\/wp\/v2\/media?parent=154"}],"curies":[{"name":"wp","href":"https:\/\/api.w.org\/{rel}","templated":true}]}}