{"id":153,"date":"2025-07-20T20:16:07","date_gmt":"2025-07-20T20:16:07","guid":{"rendered":"https:\/\/yeng.ro\/academics\/"},"modified":"2025-10-09T16:47:20","modified_gmt":"2025-10-09T13:47:20","slug":"cursuri","status":"publish","type":"page","link":"https:\/\/yeng.ro\/en\/cursuri\/","title":{"rendered":"Courses"},"content":{"rendered":"<div data-elementor-type=\"wp-page\" data-elementor-id=\"153\" class=\"elementor elementor-153\">\n\t\t\t\t<div class=\"elementor-element elementor-element-72a5068 e-flex e-con-boxed e-con e-parent\" data-id=\"72a5068\" data-element_type=\"container\" data-settings=\"{&quot;background_background&quot;:&quot;classic&quot;}\">\n\t\t\t\t\t<div class=\"e-con-inner\">\n\t\t<div class=\"elementor-element elementor-element-a339cfa e-con-full e-flex e-con e-child\" data-id=\"a339cfa\" data-element_type=\"container\">\n\t\t\t\t<div class=\"elementor-element elementor-element-055701a elementor-widget elementor-widget-heading\" data-id=\"055701a\" data-element_type=\"widget\" data-widget_type=\"heading.default\">\n\t\t\t\t<div class=\"elementor-widget-container\">\n\t\t\t\t\t<h2 class=\"elementor-heading-title elementor-size-default\">Courses<\/h2>\t\t\t\t<\/div>\n\t\t\t\t<\/div>\n\t\t\t\t<\/div>\n\t\t\t\t\t<\/div>\n\t\t\t\t<\/div>\n\t\t<div class=\"elementor-element elementor-element-a248cda e-con-full e-flex e-con e-parent\" data-id=\"a248cda\" data-element_type=\"container\">\n\t\t\t\t<div class=\"elementor-element elementor-element-bd9575f elementor-widget elementor-widget-video\" data-id=\"bd9575f\" data-element_type=\"widget\" data-settings=\"{&quot;video_type&quot;:&quot;hosted&quot;,&quot;controls&quot;:&quot;yes&quot;}\" data-widget_type=\"video.default\">\n\t\t\t\t<div class=\"elementor-widget-container\">\n\t\t\t\t\t\t\t<div class=\"e-hosted-video elementor-wrapper elementor-open-inline\">\n\t\t\t\t\t<video class=\"elementor-video\" src=\"https:\/\/yeng.ro\/wp-content\/uploads\/2025\/07\/VIDEO-M1.mp4\" controls=\"\" preload=\"metadata\" controlslist=\"nodownload\"><\/video>\n\t\t\t\t<\/div>\n\t\t\t\t\t\t<\/div>\n\t\t\t\t<\/div>\n\t\t\t\t<\/div>\n\t\t<div class=\"elementor-element elementor-element-fb9386b e-con-full e-flex e-con e-parent\" data-id=\"fb9386b\" data-element_type=\"container\" data-settings=\"{&quot;background_background&quot;:&quot;classic&quot;}\">\n\t\t<div class=\"elementor-element elementor-element-e5ba401 e-con-full e-flex e-con e-child\" data-id=\"e5ba401\" data-element_type=\"container\">\n\t\t<div class=\"elementor-element elementor-element-cd5ea36 e-con-full e-flex e-con e-child\" data-id=\"cd5ea36\" data-element_type=\"container\" data-settings=\"{&quot;background_background&quot;:&quot;classic&quot;,&quot;shape_divider_top&quot;:&quot;curve&quot;,&quot;shape_divider_top_negative&quot;:&quot;yes&quot;}\">\n\t\t\t\t<div class=\"elementor-shape elementor-shape-top\" aria-hidden=\"true\" data-negative=\"true\">\n\t\t\t<svg xmlns=\"http:\/\/www.w3.org\/2000\/svg\" viewbox=\"0 0 1000 100\" preserveaspectratio=\"none\">\n\t<path class=\"elementor-shape-fill\" d=\"M500,97C126.7,96.3,0.8,19.8,0,0v100l1000,0V1C1000,19.4,873.3,97.8,500,97z\"\/>\n<\/svg>\t\t<\/div>\n\t\t<div class=\"elementor-element elementor-element-3bea842 e-flex e-con-boxed e-con e-child\" data-id=\"3bea842\" data-element_type=\"container\">\n\t\t\t\t\t<div class=\"e-con-inner\">\n\t\t\t\t<div class=\"elementor-element elementor-element-6f5225b elementor-widget elementor-widget-text-editor\" data-id=\"6f5225b\" data-element_type=\"widget\" data-widget_type=\"text-editor.default\">\n\t\t\t\t<div class=\"elementor-widget-container\">\n\t\t\t\t\t\t\t\t\t<p>The YEnG educational program consists of 18 interactive sessions. Full participation provides a clear insight into the essential components of building a start-up.<\/p><p>The program focuses on entrepreneurship by integrating the essential elements of leadership (communication, teamwork), the study and application of the CANVAS business model and the Design Thinking method. The course also includes elements of financial literacy in the area of investments, principles of public speaking and legal aspects of a start up.<\/p><p>Participants will go through a series of entrepreneurial challenges, and the best ideas\/presentations will be rewarded:<\/p><ul><li>24h challenge, based on a company brief<\/li><li>pitching quest<\/li><li>the business project, presented to a jury of entrepreneurs and investors<\/li><\/ul><p>YEnG is a complete educational experience that stimulates creative thinking, team spirit and entrepreneurial initiative, preparing high school students for the realities of the professional world.<\/p>\t\t\t\t\t\t\t\t<\/div>\n\t\t\t\t<\/div>\n\t\t\t\t<div class=\"elementor-element elementor-element-8fa302f elementor-widget elementor-widget-heading\" data-id=\"8fa302f\" data-element_type=\"widget\" data-widget_type=\"heading.default\">\n\t\t\t\t<div class=\"elementor-widget-container\">\n\t\t\t\t\t<h2 class=\"elementor-heading-title elementor-size-default\">What you'll learn<\/h2>\t\t\t\t<\/div>\n\t\t\t\t<\/div>\n\t\t\t\t<div class=\"elementor-element elementor-element-de4318c elementor-widget elementor-widget-text-editor\" data-id=\"de4318c\" data-element_type=\"widget\" data-widget_type=\"text-editor.default\">\n\t\t\t\t<div class=\"elementor-widget-container\">\n\t\t\t\t\t\t\t\t\t<p dir=\"ltr\">Business Model Canvas<\/p><ul><li dir=\"ltr\">Customer Segments;<\/li><li dir=\"ltr\">Value Propositions;<\/li><li dir=\"ltr\">Customer Relationships;<\/li><li dir=\"ltr\">Distribution Channels;<\/li><li dir=\"ltr\">Key Activities;<\/li><li dir=\"ltr\">Key Partners;<\/li><li dir=\"ltr\">Revenue Streams;<\/li><li dir=\"ltr\">Cost Structure.<\/li><\/ul><p>Design Thinking<\/p><ul><li dir=\"ltr\" role=\"presentation\">Customer empathy.<\/li><li dir=\"ltr\" role=\"presentation\">Defining the problem.<\/li><li dir=\"ltr\" role=\"presentation\">Generating ideas for the solution.<\/li><li dir=\"ltr\"><p dir=\"ltr\" role=\"presentation\"><span style=\"font-weight: 400;\">\u00a0Protyping and Testing.<\/span><\/p><\/li><\/ul><p dir=\"ltr\" role=\"presentation\">Leadership Skills<\/p><ul><li dir=\"ltr\" role=\"presentation\">Leadership styles. Role and skills of a leader.<\/li><li dir=\"ltr\" role=\"presentation\">The communication process. Active listening, feedback &amp; feedforward.<\/li><li dir=\"ltr\" role=\"presentation\">The power of teamwork: training stages, roles and principles for success.<\/li><\/ul><p dir=\"ltr\">Pitch Development<\/p><ul><li dir=\"ltr\" role=\"presentation\">The strategy and structure of a presentation;<\/li><li dir=\"ltr\" role=\"presentation\">Managing emotions;<\/li><li dir=\"ltr\" role=\"presentation\">Diction control techniques;<\/li><li dir=\"ltr\" role=\"presentation\">Communication types and representation systems<\/li><li dir=\"ltr\" role=\"presentation\">Digital elevator pitch<\/li><li style=\"list-style-type: none;\">\u00a0<\/li><\/ul>\t\t\t\t\t\t\t\t<\/div>\n\t\t\t\t<\/div>\n\t\t\t\t<div class=\"elementor-element elementor-element-70b1b2f elementor-align-center elementor-widget elementor-widget-button\" data-id=\"70b1b2f\" data-element_type=\"widget\" data-widget_type=\"button.default\">\n\t\t\t\t<div class=\"elementor-widget-container\">\n\t\t\t\t\t\t\t\t\t<div class=\"elementor-button-wrapper\">\n\t\t\t\t\t<a class=\"elementor-button elementor-button-link elementor-size-sm\" href=\"https:\/\/docs.google.com\/forms\/d\/e\/1FAIpQLSfiAKq3mKdb4QAVnAE9xm_5CySZIqyzbTiT3ZEZRDR2zvycVw\/viewform\">\n\t\t\t\t\t\t<span class=\"elementor-button-content-wrapper\">\n\t\t\t\t\t\t\t\t\t<span class=\"elementor-button-text\">Sign up NOW<\/span>\n\t\t\t\t\t<\/span>\n\t\t\t\t\t<\/a>\n\t\t\t\t<\/div>\n\t\t\t\t\t\t\t\t<\/div>\n\t\t\t\t<\/div>\n\t\t\t\t\t<\/div>\n\t\t\t\t<\/div>\n\t\t\t\t<\/div>\n\t\t\t\t<\/div>\n\t\t\t\t<\/div>\n\t\t\t\t<\/div>","protected":false},"excerpt":{"rendered":"<p>Cursuri https:\/\/yeng.ro\/wp-content\/uploads\/2025\/07\/VIDEO-M1.mp4 Programul educa\u021bional YEnG este alc\u0103tuit din 18 sesiuni interactive. Participarea complet\u0103 ofer\u0103 o perspectiv\u0103 clar\u0103 asupra componentelor esen\u021biale ale construirii unui start-up. Programul se axeaz\u0103 pe antreprenoriat, prin integrarea elementelor esen\u021biale de leadership (comunicare, lucru \u00een echip\u0103), studierea \u0219i aplicarea modelului de business CANVAS \u0219i a metodei Design Thinking. Cursul include \u0219i elemente [&hellip;]<\/p>","protected":false},"author":1,"featured_media":0,"parent":0,"menu_order":5,"comment_status":"closed","ping_status":"closed","template":"","meta":{"site-sidebar-layout":"no-sidebar","site-content-layout":"page-builder","ast-site-content-layout":"full-width-container","site-content-style":"unboxed","site-sidebar-style":"unboxed","ast-global-header-display":"","ast-banner-title-visibility":"","ast-main-header-display":"","ast-hfb-above-header-display":"","ast-hfb-below-header-display":"","ast-hfb-mobile-header-display":"","site-post-title":"disabled","ast-breadcrumbs-content":"disabled","ast-featured-img":"disabled","footer-sml-layout":"","theme-transparent-header-meta":"default","adv-header-id-meta":"","stick-header-meta":"","header-above-stick-meta":"","header-main-stick-meta":"","header-below-stick-meta":"","astra-migrate-meta-layouts":"set","ast-page-background-enabled":"default","ast-page-background-meta":{"desktop":{"background-color":"","background-image":"","background-repeat":"repeat","background-position":"center center","background-size":"auto","background-attachment":"scroll","background-type":"","background-media":"","overlay-type":"","overlay-color":"","overlay-opacity":"","overlay-gradient":""},"tablet":{"background-color":"","background-image":"","background-repeat":"repeat","background-position":"center center","background-size":"auto","background-attachment":"scroll","background-type":"","background-media":"","overlay-type":"","overlay-color":"","overlay-opacity":"","overlay-gradient":""},"mobile":{"background-color":"","background-image":"","background-repeat":"repeat","background-position":"center center","background-size":"auto","background-attachment":"scroll","background-type":"","background-media":"","overlay-type":"","overlay-color":"","overlay-opacity":"","overlay-gradient":""}},"ast-content-background-meta":{"desktop":{"background-color":"var(--ast-global-color-5)","background-image":"","background-repeat":"repeat","background-position":"center center","background-size":"auto","background-attachment":"scroll","background-type":"","background-media":"","overlay-type":"","overlay-color":"","overlay-opacity":"","overlay-gradient":""},"tablet":{"background-color":"var(--ast-global-color-5)","background-image":"","background-repeat":"repeat","background-position":"center center","background-size":"auto","background-attachment":"scroll","background-type":"","background-media":"","overlay-type":"","overlay-color":"","overlay-opacity":"","overlay-gradient":""},"mobile":{"background-color":"var(--ast-global-color-5)","background-image":"","background-repeat":"repeat","background-position":"center center","background-size":"auto","background-attachment":"scroll","background-type":"","background-media":"","overlay-type":"","overlay-color":"","overlay-opacity":"","overlay-gradient":""}},"footnotes":""},"class_list":["post-153","page","type-page","status-publish","hentry"],"_links":{"self":[{"href":"https:\/\/yeng.ro\/en\/wp-json\/wp\/v2\/pages\/153","targetHints":{"allow":["GET"]}}],"collection":[{"href":"https:\/\/yeng.ro\/en\/wp-json\/wp\/v2\/pages"}],"about":[{"href":"https:\/\/yeng.ro\/en\/wp-json\/wp\/v2\/types\/page"}],"author":[{"embeddable":true,"href":"https:\/\/yeng.ro\/en\/wp-json\/wp\/v2\/users\/1"}],"replies":[{"embeddable":true,"href":"https:\/\/yeng.ro\/en\/wp-json\/wp\/v2\/comments?post=153"}],"version-history":[{"count":80,"href":"https:\/\/yeng.ro\/en\/wp-json\/wp\/v2\/pages\/153\/revisions"}],"predecessor-version":[{"id":2716,"href":"https:\/\/yeng.ro\/en\/wp-json\/wp\/v2\/pages\/153\/revisions\/2716"}],"wp:attachment":[{"href":"https:\/\/yeng.ro\/en\/wp-json\/wp\/v2\/media?parent=153"}],"curies":[{"name":"wp","href":"https:\/\/api.w.org\/{rel}","templated":true}]}}