{"id":152,"date":"2025-07-20T20:16:07","date_gmt":"2025-07-20T20:16:07","guid":{"rendered":"https:\/\/yeng.ro\/about\/"},"modified":"2025-07-25T16:48:13","modified_gmt":"2025-07-25T13:48:13","slug":"fondatorul-yeng","status":"publish","type":"page","link":"https:\/\/yeng.ro\/en\/fondatorul-yeng\/","title":{"rendered":"Founder Yeng"},"content":{"rendered":"<div data-elementor-type=\"wp-page\" data-elementor-id=\"152\" class=\"elementor elementor-152\">\n\t\t\t\t<div class=\"elementor-element elementor-element-29755de e-con-full e-flex e-con e-parent\" data-id=\"29755de\" data-element_type=\"container\">\n\t\t\t\t<div class=\"elementor-element elementor-element-453d068 elementor-widget elementor-widget-image\" data-id=\"453d068\" data-element_type=\"widget\" data-widget_type=\"image.default\">\n\t\t\t\t<div class=\"elementor-widget-container\">\n\t\t\t\t\t\t\t\t\t\t\t\t\t\t\t<img fetchpriority=\"high\" decoding=\"async\" width=\"1920\" height=\"1080\" src=\"https:\/\/yeng.ro\/wp-content\/uploads\/2025\/07\/YEnG-x-Forbes-30u30-1.png\" class=\"attachment-full size-full wp-image-1493\" alt=\"\" srcset=\"https:\/\/yeng.ro\/wp-content\/uploads\/2025\/07\/YEnG-x-Forbes-30u30-1.png 1920w, https:\/\/yeng.ro\/wp-content\/uploads\/2025\/07\/YEnG-x-Forbes-30u30-1-300x169.png 300w, https:\/\/yeng.ro\/wp-content\/uploads\/2025\/07\/YEnG-x-Forbes-30u30-1-1024x576.png 1024w, https:\/\/yeng.ro\/wp-content\/uploads\/2025\/07\/YEnG-x-Forbes-30u30-1-768x432.png 768w, https:\/\/yeng.ro\/wp-content\/uploads\/2025\/07\/YEnG-x-Forbes-30u30-1-1536x864.png 1536w, https:\/\/yeng.ro\/wp-content\/uploads\/2025\/07\/YEnG-x-Forbes-30u30-1-18x10.png 18w, https:\/\/yeng.ro\/wp-content\/uploads\/2025\/07\/YEnG-x-Forbes-30u30-1-200x113.png 200w\" sizes=\"(max-width: 1920px) 100vw, 1920px\" \/>\t\t\t\t\t\t\t\t\t\t\t\t\t\t\t<\/div>\n\t\t\t\t<\/div>\n\t\t\t\t<\/div>\n\t\t<div class=\"elementor-element elementor-element-d374c62 e-flex e-con-boxed e-con e-parent\" data-id=\"d374c62\" data-element_type=\"container\" data-settings=\"{&quot;background_background&quot;:&quot;classic&quot;}\">\n\t\t\t\t\t<div class=\"e-con-inner\">\n\t\t<div class=\"elementor-element elementor-element-f2cce01 e-con-full e-flex e-con e-child\" data-id=\"f2cce01\" data-element_type=\"container\">\n\t\t\t\t<div class=\"elementor-element elementor-element-ba27f27 elementor-widget__width-initial elementor-widget elementor-widget-video\" data-id=\"ba27f27\" data-element_type=\"widget\" data-settings=\"{&quot;video_type&quot;:&quot;hosted&quot;,&quot;controls&quot;:&quot;yes&quot;}\" data-widget_type=\"video.default\">\n\t\t\t\t<div class=\"elementor-widget-container\">\n\t\t\t\t\t\t\t<div class=\"e-hosted-video elementor-wrapper elementor-open-inline\">\n\t\t\t\t\t<video class=\"elementor-video\" src=\"https:\/\/yeng.ro\/wp-content\/uploads\/2025\/07\/VIDEO-OLIVER-PREZENTARE.mp4\" controls=\"\" preload=\"metadata\" controlslist=\"nodownload\"><\/video>\n\t\t\t\t<\/div>\n\t\t\t\t\t\t<\/div>\n\t\t\t\t<\/div>\n\t\t\t\t<\/div>\n\t\t<div class=\"elementor-element elementor-element-f09de9a e-con-full e-flex e-con e-child\" data-id=\"f09de9a\" data-element_type=\"container\">\n\t\t\t\t<div class=\"elementor-element elementor-element-cabad25 elementor-widget__width-initial elementor-widget elementor-widget-text-editor\" data-id=\"cabad25\" data-element_type=\"widget\" data-widget_type=\"text-editor.default\">\n\t\t\t\t<div class=\"elementor-widget-container\">\n\t\t\t\t\t\t\t\t\t<p style=\"text-align: justify;\">The YEnG program is initiated by a high school student (11th grade), who thinks like you, who is interested in the same things and who has been passionate about entrepreneurship since the age of 7: Oliver Lep\u0103datu.<\/p><p style=\"text-align: justify;\">Oliver's passion began to take shape in his elementary school years, when he took the KEN Academy (with tag) entrepreneurial education course, which led to his first business: Lemon Coolers (with tag).<\/p><p style=\"text-align: justify;\">In his high school years, he continued his entrepreneurial studies with bootcamps at Columbia University and Babson University, which led him to the YEnG Young Entrepreneur Generation initiative.<\/p><p style=\"text-align: justify;\">Based on his discussions with colleagues, Oliver reconfirmed that the YEnG program responds to a great need of high school students: to develop practical entrepreneurial skills that will support them in creating a start-up.<\/p><p style=\"text-align: justify;\">Are you among them? Then YEnG is for you!<\/p><p style=\"text-align: justify;\">Did you know that entrepreneurial skills are considered life skills for the 21st century?<\/p><p style=\"text-align: justify;\">There are studies that show that these are mandatory skills that help you succeed. And seriously differentiate you from AI.<\/p>\t\t\t\t\t\t\t\t<\/div>\n\t\t\t\t<\/div>\n\t\t\t\t<\/div>\n\t\t\t\t\t<\/div>\n\t\t\t\t<\/div>\n\t\t<div class=\"elementor-element elementor-element-16fc68e e-con-full e-flex e-con e-parent\" data-id=\"16fc68e\" data-element_type=\"container\">\n\t\t\t\t<div class=\"elementor-element elementor-element-7eed019 elementor-widget elementor-widget-image\" data-id=\"7eed019\" data-element_type=\"widget\" data-widget_type=\"image.default\">\n\t\t\t\t<div class=\"elementor-widget-container\">\n\t\t\t\t\t\t\t\t\t\t\t\t\t\t\t<img decoding=\"async\" width=\"1920\" height=\"1080\" src=\"https:\/\/yeng.ro\/wp-content\/uploads\/2025\/07\/YEnG-x-Forbes-30u30.png\" class=\"attachment-full size-full wp-image-1483\" alt=\"\" srcset=\"https:\/\/yeng.ro\/wp-content\/uploads\/2025\/07\/YEnG-x-Forbes-30u30.png 1920w, https:\/\/yeng.ro\/wp-content\/uploads\/2025\/07\/YEnG-x-Forbes-30u30-300x169.png 300w, https:\/\/yeng.ro\/wp-content\/uploads\/2025\/07\/YEnG-x-Forbes-30u30-1024x576.png 1024w, https:\/\/yeng.ro\/wp-content\/uploads\/2025\/07\/YEnG-x-Forbes-30u30-768x432.png 768w, https:\/\/yeng.ro\/wp-content\/uploads\/2025\/07\/YEnG-x-Forbes-30u30-1536x864.png 1536w, https:\/\/yeng.ro\/wp-content\/uploads\/2025\/07\/YEnG-x-Forbes-30u30-18x10.png 18w, https:\/\/yeng.ro\/wp-content\/uploads\/2025\/07\/YEnG-x-Forbes-30u30-200x113.png 200w\" sizes=\"(max-width: 1920px) 100vw, 1920px\" \/>\t\t\t\t\t\t\t\t\t\t\t\t\t\t\t<\/div>\n\t\t\t\t<\/div>\n\t\t\t\t<\/div>\n\t\t\t\t<\/div>","protected":false},"excerpt":{"rendered":"<p>https:\/\/yeng.ro\/wp-content\/uploads\/2025\/07\/VIDEO-OLIVER-PREZENTARE.mp4 Programul YEnG este ini\u021biat chiar de un licean (clasa a XI-a), care g\u00e2nde\u0219te ca tine, care este interesat de acelea\u0219i lucruri \u0219i care este pasionat de antreprenoriat de la 7 ani: Oliver Lep\u0103datu. Pasiunea lui Oliver a \u00eenceput s\u0103 prind\u0103 contur \u00een anii claselor primare, c\u00e2nd a parcurs cursul de educa\u021bie antreprenorial\u0103 KEN Academy [&hellip;]<\/p>","protected":false},"author":1,"featured_media":0,"parent":0,"menu_order":7,"comment_status":"closed","ping_status":"closed","template":"","meta":{"site-sidebar-layout":"no-sidebar","site-content-layout":"page-builder","ast-site-content-layout":"full-width-container","site-content-style":"unboxed","site-sidebar-style":"unboxed","ast-global-header-display":"","ast-banner-title-visibility":"","ast-main-header-display":"","ast-hfb-above-header-display":"","ast-hfb-below-header-display":"","ast-hfb-mobile-header-display":"","site-post-title":"disabled","ast-breadcrumbs-content":"disabled","ast-featured-img":"disabled","footer-sml-layout":"","theme-transparent-header-meta":"default","adv-header-id-meta":"","stick-header-meta":"","header-above-stick-meta":"","header-main-stick-meta":"","header-below-stick-meta":"","astra-migrate-meta-layouts":"set","ast-page-background-enabled":"default","ast-page-background-meta":{"desktop":{"background-color":"","background-image":"","background-repeat":"repeat","background-position":"center center","background-size":"auto","background-attachment":"scroll","background-type":"","background-media":"","overlay-type":"","overlay-color":"","overlay-opacity":"","overlay-gradient":""},"tablet":{"background-color":"","background-image":"","background-repeat":"repeat","background-position":"center center","background-size":"auto","background-attachment":"scroll","background-type":"","background-media":"","overlay-type":"","overlay-color":"","overlay-opacity":"","overlay-gradient":""},"mobile":{"background-color":"","background-image":"","background-repeat":"repeat","background-position":"center center","background-size":"auto","background-attachment":"scroll","background-type":"","background-media":"","overlay-type":"","overlay-color":"","overlay-opacity":"","overlay-gradient":""}},"ast-content-background-meta":{"desktop":{"background-color":"var(--ast-global-color-5)","background-image":"","background-repeat":"repeat","background-position":"center center","background-size":"auto","background-attachment":"scroll","background-type":"","background-media":"","overlay-type":"","overlay-color":"","overlay-opacity":"","overlay-gradient":""},"tablet":{"background-color":"var(--ast-global-color-5)","background-image":"","background-repeat":"repeat","background-position":"center center","background-size":"auto","background-attachment":"scroll","background-type":"","background-media":"","overlay-type":"","overlay-color":"","overlay-opacity":"","overlay-gradient":""},"mobile":{"background-color":"var(--ast-global-color-5)","background-image":"","background-repeat":"repeat","background-position":"center center","background-size":"auto","background-attachment":"scroll","background-type":"","background-media":"","overlay-type":"","overlay-color":"","overlay-opacity":"","overlay-gradient":""}},"footnotes":""},"class_list":["post-152","page","type-page","status-publish","hentry"],"_links":{"self":[{"href":"https:\/\/yeng.ro\/en\/wp-json\/wp\/v2\/pages\/152","targetHints":{"allow":["GET"]}}],"collection":[{"href":"https:\/\/yeng.ro\/en\/wp-json\/wp\/v2\/pages"}],"about":[{"href":"https:\/\/yeng.ro\/en\/wp-json\/wp\/v2\/types\/page"}],"author":[{"embeddable":true,"href":"https:\/\/yeng.ro\/en\/wp-json\/wp\/v2\/users\/1"}],"replies":[{"embeddable":true,"href":"https:\/\/yeng.ro\/en\/wp-json\/wp\/v2\/comments?post=152"}],"version-history":[{"count":50,"href":"https:\/\/yeng.ro\/en\/wp-json\/wp\/v2\/pages\/152\/revisions"}],"predecessor-version":[{"id":1719,"href":"https:\/\/yeng.ro\/en\/wp-json\/wp\/v2\/pages\/152\/revisions\/1719"}],"wp:attachment":[{"href":"https:\/\/yeng.ro\/en\/wp-json\/wp\/v2\/media?parent=152"}],"curies":[{"name":"wp","href":"https:\/\/api.w.org\/{rel}","templated":true}]}}